{"id":307,"date":"2020-11-11T16:45:17","date_gmt":"2020-11-11T15:45:17","guid":{"rendered":"https:\/\/hawai.li\/bo-sapin\/?page_id=307"},"modified":"2025-10-01T15:39:43","modified_gmt":"2025-10-01T13:39:43","slug":"datenschutzerklaerung","status":"publish","type":"page","link":"https:\/\/monbosapin.ch\/de\/datenschutzerklaerung\/","title":{"rendered":"Datenschutzerkl\u00e4rung"},"content":{"rendered":"<div class=\"wpb-content-wrapper\"><p>[vc_row][vc_column][vc_column_text uncode_shortcode_id=&#8220;107680&#8243;]<\/p>\n<h1>Datenschutzerkl\u00e4rung<\/h1>\n<h2>1. Verantwortlicher<\/h2>\n<p>Mon B\u00f4 Sapin<br \/>\nE-Mail: <a href=\"mailto:info@monbosapin.ch\">info@monbosapin.ch<\/a><\/p>\n<h2>2. Verarbeitete personenbezogene Daten<\/h2>\n<p>Wir verarbeiten insbesondere:<\/p>\n<p>Identifikationsdaten (Name, Vorname, Adresse, E-Mail, Telefon),<br \/>\nBestell- und Zahlungsdaten,<br \/>\nLieferinformationen,<br \/>\nNutzungsdaten (Cookies, IP-Adresse).<\/p>\n<h2>3. Zwecke der Verarbeitung<\/h2>\n<p>Ihre Daten werden verwendet f\u00fcr:<\/p>\n<p>Abwicklung und Lieferung von Bestellungen,<br \/>\nRechnungsstellung und Zahlungsabwicklung,<br \/>\nKommunikation mit Ihnen (Kundenservice, Bestellbest\u00e4tigung),<br \/>\nVersand von Newslettern (bei Einwilligung),<br \/>\nVerbesserung unserer Website (Statistik, Analyse).<\/p>\n<h2>4. Rechtsgrundlage<\/h2>\n<p>Die Verarbeitung basiert auf:<\/p>\n<p>Vertragserf\u00fcllung (Online-Bestellung),<br \/>\nunserem berechtigten Interesse (Serviceoptimierung),<br \/>\nIhrer Einwilligung (Newsletter, Cookies).<\/p>\n<h2>5. Aufbewahrung<\/h2>\n<p>Daten werden so lange gespeichert, wie es f\u00fcr die genannten Zwecke oder aufgrund gesetzlicher Pflichten erforderlich ist.<\/p>\n<h2>6. Weitergabe von Daten<\/h2>\n<p>Daten k\u00f6nnen an Dienstleister (Logistik, Zahlung, Hosting) weitergegeben werden. Bei einer \u00dcbermittlung au\u00dferhalb der Schweiz stellen wir einen angemessenen Datenschutz sicher.<\/p>\n<h2>7. Ihre Rechte<\/h2>\n<p>Gem\u00e4\u00df schweizerischem Datenschutzrecht haben Sie das Recht auf:<\/p>\n<p>Auskunft, Berichtigung und L\u00f6schung,<br \/>\nEinschr\u00e4nkung oder Widerspruch,<br \/>\nDaten\u00fcbertragbarkeit (soweit anwendbar).<br \/>\nZur Aus\u00fcbung Ihrer Rechte kontaktieren Sie uns bitte unter obiger Adresse.<\/p>\n<h2>8. Cookies<\/h2>\n<p>Unsere Website verwendet Cookies f\u00fcr den Betrieb und \u2013 bei Einwilligung \u2013 f\u00fcr statistische Analysen.<\/p>\n<h2>9. \u00c4nderung der Datenschutzerkl\u00e4rung<\/h2>\n<p>Diese Erkl\u00e4rung kann aktualisiert werden. Es gilt die jeweils online ver\u00f6ffentlichte Version.[\/vc_column_text][\/vc_column][\/vc_row]<\/p>\n<\/div>","protected":false},"excerpt":{"rendered":"<p>[vc_row][vc_column][vc_column_text uncode_shortcode_id=&#8220;107680&#8243;] Datenschutzerkl\u00e4rung 1. Verantwortlicher Mon B\u00f4 Sapin E-Mail: info@monbosapin.ch 2. Verarbeitete personenbezogene Daten Wir verarbeiten insbesondere: Identifikationsdaten (Name, Vorname, [&hellip;]<\/p>\n","protected":false},"author":2,"featured_media":0,"parent":0,"menu_order":0,"comment_status":"closed","ping_status":"open","template":"","meta":{"footnotes":""},"class_list":["post-307","page","type-page","status-publish","hentry"],"yoast_head":"<!-- This site is optimized with the Yoast SEO plugin v27.1.1 - https:\/\/yoast.com\/product\/yoast-seo-wordpress\/ -->\n<title>Datenschutzerkl\u00e4rung - Mon B\u00f4 Sapin<\/title>\n<meta name=\"robots\" content=\"index, follow, max-snippet:-1, max-image-preview:large, max-video-preview:-1\" \/>\n<link rel=\"canonical\" href=\"https:\/\/monbosapin.ch\/politique-de-confidentialite\/\" \/>\n<meta property=\"og:locale\" content=\"de_DE\" \/>\n<meta property=\"og:type\" content=\"article\" \/>\n<meta property=\"og:title\" content=\"Datenschutzerkl\u00e4rung - Mon B\u00f4 Sapin\" \/>\n<meta property=\"og:description\" content=\"[vc_row][vc_column][vc_column_text uncode_shortcode_id=&#8220;107680&#8243;] Datenschutzerkl\u00e4rung 1. Verantwortlicher Mon B\u00f4 Sapin E-Mail: info@monbosapin.ch 2. Verarbeitete personenbezogene Daten Wir verarbeiten insbesondere: Identifikationsdaten (Name, Vorname, [&hellip;]\" \/>\n<meta property=\"og:url\" content=\"https:\/\/monbosapin.ch\/politique-de-confidentialite\/\" \/>\n<meta property=\"og:site_name\" content=\"Mon B\u00f4 Sapin\" \/>\n<meta property=\"article:modified_time\" content=\"2025-10-01T13:39:43+00:00\" \/>\n<meta name=\"twitter:card\" content=\"summary_large_image\" \/>\n<meta name=\"twitter:label1\" content=\"Gesch\u00e4tzte Lesezeit\" \/>\n\t<meta name=\"twitter:data1\" content=\"1\u00a0Minute\" \/>\n<script type=\"application\/ld+json\" class=\"yoast-schema-graph\">{\"@context\":\"https:\/\/schema.org\",\"@graph\":[{\"@type\":\"WebPage\",\"@id\":\"https:\/\/monbosapin.ch\/politique-de-confidentialite\/\",\"url\":\"https:\/\/monbosapin.ch\/politique-de-confidentialite\/\",\"name\":\"Datenschutzerkl\u00e4rung - Mon B\u00f4 Sapin\",\"isPartOf\":{\"@id\":\"https:\/\/monbosapin.ch\/de\/#website\"},\"datePublished\":\"2020-11-11T15:45:17+00:00\",\"dateModified\":\"2025-10-01T13:39:43+00:00\",\"breadcrumb\":{\"@id\":\"https:\/\/monbosapin.ch\/politique-de-confidentialite\/#breadcrumb\"},\"inLanguage\":\"de\",\"potentialAction\":[{\"@type\":\"ReadAction\",\"target\":[\"https:\/\/monbosapin.ch\/politique-de-confidentialite\/\"]}]},{\"@type\":\"BreadcrumbList\",\"@id\":\"https:\/\/monbosapin.ch\/politique-de-confidentialite\/#breadcrumb\",\"itemListElement\":[{\"@type\":\"ListItem\",\"position\":1,\"name\":\"Accueil\",\"item\":\"https:\/\/monbosapin.ch\/de\/\"},{\"@type\":\"ListItem\",\"position\":2,\"name\":\"Datenschutzerkl\u00e4rung\"}]},{\"@type\":\"WebSite\",\"@id\":\"https:\/\/monbosapin.ch\/de\/#website\",\"url\":\"https:\/\/monbosapin.ch\/de\/\",\"name\":\"Mon B\u00f4 Sapin\",\"description\":\"L\u2019\u00e9cologie sans devoir sacrifier No\u00ebl\",\"potentialAction\":[{\"@type\":\"SearchAction\",\"target\":{\"@type\":\"EntryPoint\",\"urlTemplate\":\"https:\/\/monbosapin.ch\/de\/?s={search_term_string}\"},\"query-input\":{\"@type\":\"PropertyValueSpecification\",\"valueRequired\":true,\"valueName\":\"search_term_string\"}}],\"inLanguage\":\"de\"}]}<\/script>\n<!-- \/ Yoast SEO plugin. -->","yoast_head_json":{"title":"Datenschutzerkl\u00e4rung - Mon B\u00f4 Sapin","robots":{"index":"index","follow":"follow","max-snippet":"max-snippet:-1","max-image-preview":"max-image-preview:large","max-video-preview":"max-video-preview:-1"},"canonical":"https:\/\/monbosapin.ch\/politique-de-confidentialite\/","og_locale":"de_DE","og_type":"article","og_title":"Datenschutzerkl\u00e4rung - Mon B\u00f4 Sapin","og_description":"[vc_row][vc_column][vc_column_text uncode_shortcode_id=&#8220;107680&#8243;] Datenschutzerkl\u00e4rung 1. Verantwortlicher Mon B\u00f4 Sapin E-Mail: info@monbosapin.ch 2. Verarbeitete personenbezogene Daten Wir verarbeiten insbesondere: Identifikationsdaten (Name, Vorname, [&hellip;]","og_url":"https:\/\/monbosapin.ch\/politique-de-confidentialite\/","og_site_name":"Mon B\u00f4 Sapin","article_modified_time":"2025-10-01T13:39:43+00:00","twitter_card":"summary_large_image","twitter_misc":{"Gesch\u00e4tzte Lesezeit":"1\u00a0Minute"},"schema":{"@context":"https:\/\/schema.org","@graph":[{"@type":"WebPage","@id":"https:\/\/monbosapin.ch\/politique-de-confidentialite\/","url":"https:\/\/monbosapin.ch\/politique-de-confidentialite\/","name":"Datenschutzerkl\u00e4rung - Mon B\u00f4 Sapin","isPartOf":{"@id":"https:\/\/monbosapin.ch\/de\/#website"},"datePublished":"2020-11-11T15:45:17+00:00","dateModified":"2025-10-01T13:39:43+00:00","breadcrumb":{"@id":"https:\/\/monbosapin.ch\/politique-de-confidentialite\/#breadcrumb"},"inLanguage":"de","potentialAction":[{"@type":"ReadAction","target":["https:\/\/monbosapin.ch\/politique-de-confidentialite\/"]}]},{"@type":"BreadcrumbList","@id":"https:\/\/monbosapin.ch\/politique-de-confidentialite\/#breadcrumb","itemListElement":[{"@type":"ListItem","position":1,"name":"Accueil","item":"https:\/\/monbosapin.ch\/de\/"},{"@type":"ListItem","position":2,"name":"Datenschutzerkl\u00e4rung"}]},{"@type":"WebSite","@id":"https:\/\/monbosapin.ch\/de\/#website","url":"https:\/\/monbosapin.ch\/de\/","name":"Mon B\u00f4 Sapin","description":"L\u2019\u00e9cologie sans devoir sacrifier No\u00ebl","potentialAction":[{"@type":"SearchAction","target":{"@type":"EntryPoint","urlTemplate":"https:\/\/monbosapin.ch\/de\/?s={search_term_string}"},"query-input":{"@type":"PropertyValueSpecification","valueRequired":true,"valueName":"search_term_string"}}],"inLanguage":"de"}]}},"_links":{"self":[{"href":"https:\/\/monbosapin.ch\/de\/wp-json\/wp\/v2\/pages\/307","targetHints":{"allow":["GET"]}}],"collection":[{"href":"https:\/\/monbosapin.ch\/de\/wp-json\/wp\/v2\/pages"}],"about":[{"href":"https:\/\/monbosapin.ch\/de\/wp-json\/wp\/v2\/types\/page"}],"author":[{"embeddable":true,"href":"https:\/\/monbosapin.ch\/de\/wp-json\/wp\/v2\/users\/2"}],"replies":[{"embeddable":true,"href":"https:\/\/monbosapin.ch\/de\/wp-json\/wp\/v2\/comments?post=307"}],"version-history":[{"count":0,"href":"https:\/\/monbosapin.ch\/de\/wp-json\/wp\/v2\/pages\/307\/revisions"}],"wp:attachment":[{"href":"https:\/\/monbosapin.ch\/de\/wp-json\/wp\/v2\/media?parent=307"}],"curies":[{"name":"wp","href":"https:\/\/api.w.org\/{rel}","templated":true}]}}