{"id":311,"date":"2020-11-11T16:47:47","date_gmt":"2020-11-11T15:47:47","guid":{"rendered":"https:\/\/hawai.li\/bo-sapin\/?page_id=311"},"modified":"2025-10-01T16:33:55","modified_gmt":"2025-10-01T14:33:55","slug":"allgemeine-geschaeftsbedingungen","status":"publish","type":"page","link":"https:\/\/monbosapin.ch\/de\/allgemeine-geschaeftsbedingungen\/","title":{"rendered":"Allgemeine Gesch\u00e4ftsbedingungen"},"content":{"rendered":"<div class=\"wpb-content-wrapper\">[vc_row row_height_percent=&#8220;0&#8243; overlay_alpha=&#8220;50&#8243; gutter_size=&#8220;3&#8243; column_width_percent=&#8220;100&#8243; shift_y=&#8220;0&#8243; z_index=&#8220;0&#8243; content_parallax=&#8220;0&#8243; uncode_shortcode_id=&#8220;152774&#8243;][vc_column][vc_column_text uncode_shortcode_id=&#8220;187316&#8243;]\r\n<h1>Allgemeine Gesch\u00e4ftsbedingungen<\/h1>\r\n<h2>1. <strong>Geltungsbereich\u00a0<\/strong><\/h2>\r\n<p><!-- \/wp:post-content -->\u00a0<\/p>\r\n<!-- \/wp:paragraph -->\r\n<p><!-- wp:paragraph -->Die Allgemeinen Gesch\u00e4ftsbedingungen (nachfolgend \u201eAGB\u201c genannt) gelten f\u00fcr alle \u00fcber den Online-Shop von Monb\u00f4sapin (nachfolgend \u201eMonbosapin.ch\u201c genannt) get\u00e4tigten Bestellungen und abgeschlossenen Vertr\u00e4ge (nachfolgend \u201eBestellung\u201c genannt).<\/p>\r\n<!-- \/wp:paragraph -->\r\n<p><!-- wp:paragraph -->Monb\u00f4sapin.ch beh\u00e4lt sich das Recht vor, die AGB zu \u00e4ndern. Massgebend ist jeweils die zum Zeitpunkt der Bestellung geltende Version der AGB, welche f\u00fcr diese Bestellung nicht einseitig ge\u00e4ndert werden kann.<\/p>\r\n<p><!-- \/wp:paragraph -->\u00a0<\/p>\r\n<!-- wp:heading -->\r\n<h2>2. <strong>Angebot\u00a0<\/strong><\/h2>\r\n<!-- \/wp:heading --><!-- \/wp:paragraph -->\r\n<p><!-- wp:paragraph -->Das Angebot richtet sich an die Kundschaft mit Wohnsitz resp. juristische Kundschaft mit Sitz in der Schweiz. Lieferungen erfolgen nur an Adressen in der Schweiz.<\/p>\r\n<!-- \/wp:paragraph -->\r\n<p><!-- wp:paragraph -->Das Angebot gilt, solange es im Online-Shop ersichtlich ist und\/oder der Vorrat reicht. Preis- und Sortiments\u00e4nderungen sind jederzeit m\u00f6glich. Die in den Anzeigen, im Online-Shop usw. dargestellten Bilder sowie alle Informationen zu den Produkten dienen nur zur Veranschaulichung und sind nicht vertraglich bindend.<\/p>\r\n<p><!-- \/wp:paragraph -->\u00a0<\/p>\r\n<!-- wp:heading -->\r\n<h2>3. <strong>Preis\u00a0<\/strong><\/h2>\r\n<!-- \/wp:heading --><!-- \/wp:paragraph -->\r\n<p><!-- wp:paragraph -->Die Preise verstehen sich in Schweizer Franken CHF.<\/p>\r\n<!-- \/wp:paragraph -->\r\n<p><!-- wp:paragraph -->Massgebend ist der Preis im Online-Shop zum Zeitpunkt der Bestellung.<\/p>\r\n<!-- \/wp:paragraph -->\r\n<p><!-- wp:paragraph -->Bestellte kostenpflichtige Zusatzleistungen wie Lieferung werden im Warenkorb und auf der Rechnung separat aufgef\u00fchrt.<\/p>\r\n<p><!-- \/wp:paragraph -->\u00a0<\/p>\r\n<!-- wp:heading -->\r\n<h2>4. <strong>Bestellung<\/strong><\/h2>\r\n<!-- \/wp:heading --><!-- \/wp:paragraph -->\r\n<p><!-- wp:paragraph -->Die Darstellung der Produkte im Online-Shop ist nicht rechtsverbindlich. Es handelt sich vielmehr um einen unverbindlichen online-Katalog bzw. eine unverbindliche Aufforderung an die Kundschaft, das Produkt im Online-Shop zu bestellen. Monbosapin.ch beh\u00e4lt sich das Recht vor, die Liefermengen f\u00fcr bestimmte Produkte einzuschr\u00e4nken und die Lieferung nicht auszuf\u00fchren.<\/p>\r\n<!-- \/wp:paragraph -->\r\n<p><!-- wp:paragraph -->Eine Bestellung gilt als Angebot an Monbosapin.ch zum Abschluss eines Vertrages.<\/p>\r\n<!-- \/wp:paragraph -->\r\n<p><!-- wp:paragraph -->Nach \u00dcbermittlung der Bestellung erh\u00e4lt die Kundschaft automatisch eine Eingangsbest\u00e4tigung, die dokumentiert, dass die Bestellung bei Monbosapin.ch eingegangen ist. Die Bestellung kann dann durch die Kundschaft nicht mehr erg\u00e4nzt oder annulliet werden.<\/p>\r\n<!-- \/wp:paragraph -->\r\n<p><!-- wp:paragraph -->Monbosapin.ch ist ohne Nennung von Gr\u00fcnden frei, Bestellungen ganz oder teilweise abzulehnen. In diesem Falle wird der Kunde dar\u00fcber informiert und die eventuellen get\u00e4tigten\u00a0 \u00dcberweisungen r\u00fcckt\u00e4tig gemacht<\/p>\r\n<p><!-- \/wp:paragraph -->\u00a0<\/p>\r\n<!-- wp:heading -->\r\n<h2>5. <strong>Vertragsabschluss\u00a0<\/strong><\/h2>\r\n<!-- \/wp:heading -->\r\n<p><!-- wp:paragraph -->Der Vertrag kommt nach Auftragsabwicklung zustande.<\/p>\r\n<p><!-- \/wp:paragraph -->\u00a0<\/p>\r\n<!-- wp:heading -->\r\n<h2>6. <strong><strong>Lieferung\u00a0<\/strong>\u00a0<\/strong><\/h2>\r\n<p><!-- \/wp:heading -->\u00a0<\/p>\r\n<!-- \/wp:paragraph -->\r\n<p><!-- wp:paragraph --><strong>Liefergebiet<\/strong><\/p>\r\n<!-- \/wp:paragraph -->\r\n<p><!-- wp:paragraph -->Die Lieferadresse der Kundschaft muss in der Schweiz befinden und die Auslieferung wird ausschlie\u00dflich durch die Schweizer Post get\u00e4tigt.<\/p>\r\n<!-- \/wp:paragraph -->\r\n<p><!-- wp:paragraph -->An Sonntagen und offiziellen landesweiten oder kantonalen Feiertagen erfolgen keine Lieferungen.<\/p>\r\n<!-- \/wp:paragraph -->\r\n<p><!-- wp:paragraph -->Wenn der Kunde zum Zeitpunkt der Lieferung nicht vor Ort ist und keine spezifischen Anweisungen zur Lieferung gegeben hat, wird die Ware vor der Haus- oder Wohnungst\u00fcr, oder an der Rezeption oder vor dem Eingang der Firma abgeliefert. Abh\u00e4ngig vom angegebenen Zeitraum kann die Ware an einem selben Geb\u00e4ude lebenden Nachbarn geleifert werden, wenn der Kunde bei der Bestellung im Abschnitt \u201cOptionale Informationen\u201d seines Kundenkontos dessen Adresse und Telefonnummer angegeben hat. Wenn der Briefkasten des Kunden zu einem Briefkasten-System geh\u00f6rt, hinterl\u00e4sst der Zusteller eine Abholbenachrichtigung in dem Briefkasten. Der Kunde muss die Lieferung dann bei der entsprechenden Poststelle abholen.<\/p>\r\n<!-- \/wp:paragraph -->\r\n<p><!-- wp:paragraph -->Die Versandkosten werden im Online-Shop mitgeteilt.<\/p>\r\n<!-- \/wp:paragraph -->\r\n<p><!-- wp:paragraph -->Die Lieferkosten werden als zus\u00e4tzliche Position im Warenkorb und auf der Rechnung aufgef\u00fchrt.<\/p>\r\n<p><!-- \/wp:paragraph -->\u00a0<\/p>\r\n<!-- wp:heading -->\r\n<h2>7. <strong>Garantie<\/strong><\/h2>\r\n<!-- \/wp:heading --><!-- \/wp:paragraph -->\r\n<p><!-- wp:paragraph -->Wir sind von der Qualit\u00e4t unseres Produktes \u00fcberzeugt. Die Garantie betr\u00e4gt 2 Jahre. Sie ist ab dem Kaufdatum g\u00fcltig, bitte bewahren Sie Ihren Kaufnachweis auf.<\/p>\r\n<!-- \/wp:paragraph -->\r\n<p><!-- wp:paragraph -->Ein generelles R\u00fcckgaberecht von m\u00e4ngelfreien und korrekt gelieferten Produkten besteht nicht.<\/p>\r\n<!-- \/wp:paragraph -->\r\n<p><!-- wp:paragraph -->Monbospain.ch begutachtet das beanstandete Produkt und entscheidet, ob in diesem Fall ein Garantieanspruch besteht. Im Garantiefall wird IKEA das defekte Pro-dukt nach eigenem Ermessen entweder reparieren oder durch ein gleiches oder vergleichbares Produkt ersetzen. Im Garantiefall gehen die Kosten f\u00fcr Reparaturarbeiten, Ersatzteile und R\u00fccksendungen zulasten von Monbosapin.ch .<\/p>\r\n<!-- \/wp:paragraph -->\r\n<p><!-- wp:paragraph --><strong>Ausnahmen<\/strong><\/p>\r\n<!-- \/wp:paragraph -->\r\n<p><!-- wp:paragraph -->Die Garantien gelten nicht, wenn Produkte falsch gelagert, unsachgem\u00e4ss montiert oder installiert, missbr\u00e4uchlich oder unsachgem\u00e4ss benutzt, \u00fcberm\u00e4ssig beansprucht, zweckentfremdet, ver\u00e4ndert oder mit ungeeigneten Methoden bzw. Mitteln gereinigt wurden. Ausgeschlossen sind Garantien f\u00fcr normale Abnutzung, Schnitte, Kerben oder Kratzer sowie Besch\u00e4digungen, die durch St\u00f6sse oder Unf\u00e4lle verursacht wurden. Vorbehaltlich anderer Angaben gelten die Garantien nicht, wenn Produkte im Freien oder in feuchter Umgebung gelagert oder verwendet oder zu anderen als zu h\u00e4uslichen Zwecken benutzt wurden. Die Garantien erstrecken sich nicht auf Zufalls- oder Folgesch\u00e4den. Die Garantieanspr\u00fcche sind auf den Erstk\u00e4ufer des Produkts beschr\u00e4nkt und nicht \u00fcbertragbar<\/p>\r\n<p><!-- \/wp:paragraph -->\u00a0<\/p>\r\n<!-- wp:heading -->\r\n<h2>8. <strong>M\u00e4ngelr\u00fcge<\/strong><\/h2>\r\n<!-- \/wp:heading --><!-- \/wp:paragraph -->\r\n<p><!-- wp:paragraph -->Werden Produkte mit offensichtlichen Sch\u00e4den an der Verpackung oder am Inhalt angeliefert, so hat die Kundschaft diese, unbeschadet ihrer M\u00e4ngelrechte, sofort bei dem Lieferboten zu reklamieren und die Annahme zu verweigern. Die Kundschaft ist verpflichtet, sich eine Schadenbest\u00e4tigungsmeldung des Lieferboten aush\u00e4ndigen zu lassen. Alle Transportsch\u00e4den sind zus\u00e4tzlich unverz\u00fcglich Monbosapin.ch zu melden.<\/p>\r\n<p><!-- \/wp:paragraph -->\u00a0<\/p>\r\n<!-- wp:heading -->\r\n<h2>9. <strong>Zahlungsvarianten<\/strong><\/h2>\r\n<!-- \/wp:heading --><!-- \/wp:paragraph -->\r\n<p><!-- wp:paragraph -->Zahlungen m\u00fcssen in Schweizer Franken geleistet werden.<\/p>\r\n<!-- \/wp:paragraph -->\r\n<p><!-- wp:paragraph --><strong>Elektronische Zahlungsmittel<\/strong><\/p>\r\n<!-- \/wp:paragraph -->\r\n<p><!-- wp:paragraph -->Als Zahlungsmittel werden Kreditkarten akzeptiert. Bei Zahlung mit Kreditkarte sowie Debitkarte erfolgt die Abbuchung nach der Bearbeitung der Bestellung.<\/p>\r\n<p><!-- \/wp:paragraph -->\u00a0<\/p>\r\n<!-- wp:heading -->\r\n<h2>10. <strong>Anwendbares Gericht und Gerichtsstand<\/strong><\/h2>\r\n<!-- \/wp:heading --><!-- \/wp:paragraph -->\r\n<p><!-- wp:paragraph -->Auf die Rechtsbeziehung zwischen Monbosapin.ch und der Kundschaft ist materielles Schweizer Recht, unter Ausschluss von kollisionsrechtlichen Normen sowie dem Wiener Kaufrecht, anwendbar.<\/p>\r\n<!-- \/wp:paragraph -->\r\n<p><!-- wp:paragraph -->Gerichtsstand f\u00fcr nat\u00fcrliche Personen ist Lausanne. Ausschliesslicher Gerichtsstand f\u00fcr juristische Personen ist Lausanne.<\/p>\r\n<p><!-- \/wp:paragraph -->\u00a0<\/p>\r\n<!-- wp:heading -->\r\n<h2>11. <strong>Kontakt<\/strong><\/h2>\r\n<!-- \/wp:heading --><!-- \/wp:paragraph -->\r\n<p><!-- wp:paragraph -->Sie haben eine Frage? <a href=\"mailto:denis.corboz@bluewin.ch\">denis.corboz@bluewin.ch<\/a><\/p>\r\n<p><!-- \/wp:paragraph -->\u00a0<\/p>\r\n<p>[\/vc_column_text][\/vc_column][\/vc_row]<\/p><\/div>","protected":false},"excerpt":{"rendered":"<p>[vc_row row_height_percent=&#8220;0&#8243; overlay_alpha=&#8220;50&#8243; gutter_size=&#8220;3&#8243; column_width_percent=&#8220;100&#8243; shift_y=&#8220;0&#8243; z_index=&#8220;0&#8243; content_parallax=&#8220;0&#8243; uncode_shortcode_id=&#8220;152774&#8243;][vc_column][vc_column_text uncode_shortcode_id=&#8220;187316&#8243;] Allgemeine Gesch\u00e4ftsbedingungen 1. Geltungsbereich\u00a0 \u00a0 Die Allgemeinen Gesch\u00e4ftsbedingungen (nachfolgend \u201eAGB\u201c [&hellip;]<\/p>\n","protected":false},"author":2,"featured_media":0,"parent":0,"menu_order":0,"comment_status":"closed","ping_status":"closed","template":"","meta":{"footnotes":""},"class_list":["post-311","page","type-page","status-publish","hentry"],"yoast_head":"<!-- This site is optimized with the Yoast SEO plugin v27.1.1 - https:\/\/yoast.com\/product\/yoast-seo-wordpress\/ -->\n<title>Allgemeine Gesch\u00e4ftsbedingungen - Mon B\u00f4 Sapin<\/title>\n<meta name=\"robots\" content=\"index, follow, max-snippet:-1, max-image-preview:large, max-video-preview:-1\" \/>\n<link rel=\"canonical\" href=\"https:\/\/monbosapin.ch\/conditions-generales-de-ventes\/\" \/>\n<meta property=\"og:locale\" content=\"de_DE\" \/>\n<meta property=\"og:type\" content=\"article\" \/>\n<meta property=\"og:title\" content=\"Allgemeine Gesch\u00e4ftsbedingungen - Mon B\u00f4 Sapin\" \/>\n<meta property=\"og:description\" content=\"[vc_row row_height_percent=&#8220;0&#8243; overlay_alpha=&#8220;50&#8243; gutter_size=&#8220;3&#8243; column_width_percent=&#8220;100&#8243; shift_y=&#8220;0&#8243; z_index=&#8220;0&#8243; content_parallax=&#8220;0&#8243; uncode_shortcode_id=&#8220;152774&#8243;][vc_column][vc_column_text uncode_shortcode_id=&#8220;187316&#8243;] Allgemeine Gesch\u00e4ftsbedingungen 1. Geltungsbereich\u00a0 \u00a0 Die Allgemeinen Gesch\u00e4ftsbedingungen (nachfolgend \u201eAGB\u201c [&hellip;]\" \/>\n<meta property=\"og:url\" content=\"https:\/\/monbosapin.ch\/conditions-generales-de-ventes\/\" \/>\n<meta property=\"og:site_name\" content=\"Mon B\u00f4 Sapin\" \/>\n<meta property=\"article:modified_time\" content=\"2025-10-01T14:33:55+00:00\" \/>\n<meta name=\"twitter:card\" content=\"summary_large_image\" \/>\n<meta name=\"twitter:label1\" content=\"Gesch\u00e4tzte Lesezeit\" \/>\n\t<meta name=\"twitter:data1\" content=\"4\u00a0Minuten\" \/>\n<script type=\"application\/ld+json\" class=\"yoast-schema-graph\">{\"@context\":\"https:\/\/schema.org\",\"@graph\":[{\"@type\":\"WebPage\",\"@id\":\"https:\/\/monbosapin.ch\/conditions-generales-de-ventes\/\",\"url\":\"https:\/\/monbosapin.ch\/conditions-generales-de-ventes\/\",\"name\":\"Allgemeine Gesch\u00e4ftsbedingungen - Mon B\u00f4 Sapin\",\"isPartOf\":{\"@id\":\"https:\/\/monbosapin.ch\/de\/#website\"},\"datePublished\":\"2020-11-11T15:47:47+00:00\",\"dateModified\":\"2025-10-01T14:33:55+00:00\",\"breadcrumb\":{\"@id\":\"https:\/\/monbosapin.ch\/conditions-generales-de-ventes\/#breadcrumb\"},\"inLanguage\":\"de\",\"potentialAction\":[{\"@type\":\"ReadAction\",\"target\":[\"https:\/\/monbosapin.ch\/conditions-generales-de-ventes\/\"]}]},{\"@type\":\"BreadcrumbList\",\"@id\":\"https:\/\/monbosapin.ch\/conditions-generales-de-ventes\/#breadcrumb\",\"itemListElement\":[{\"@type\":\"ListItem\",\"position\":1,\"name\":\"Accueil\",\"item\":\"https:\/\/monbosapin.ch\/de\/\"},{\"@type\":\"ListItem\",\"position\":2,\"name\":\"Allgemeine Gesch\u00e4ftsbedingungen\"}]},{\"@type\":\"WebSite\",\"@id\":\"https:\/\/monbosapin.ch\/de\/#website\",\"url\":\"https:\/\/monbosapin.ch\/de\/\",\"name\":\"Mon B\u00f4 Sapin\",\"description\":\"L\u2019\u00e9cologie sans devoir sacrifier No\u00ebl\",\"potentialAction\":[{\"@type\":\"SearchAction\",\"target\":{\"@type\":\"EntryPoint\",\"urlTemplate\":\"https:\/\/monbosapin.ch\/de\/?s={search_term_string}\"},\"query-input\":{\"@type\":\"PropertyValueSpecification\",\"valueRequired\":true,\"valueName\":\"search_term_string\"}}],\"inLanguage\":\"de\"}]}<\/script>\n<!-- \/ Yoast SEO plugin. -->","yoast_head_json":{"title":"Allgemeine Gesch\u00e4ftsbedingungen - Mon B\u00f4 Sapin","robots":{"index":"index","follow":"follow","max-snippet":"max-snippet:-1","max-image-preview":"max-image-preview:large","max-video-preview":"max-video-preview:-1"},"canonical":"https:\/\/monbosapin.ch\/conditions-generales-de-ventes\/","og_locale":"de_DE","og_type":"article","og_title":"Allgemeine Gesch\u00e4ftsbedingungen - Mon B\u00f4 Sapin","og_description":"[vc_row row_height_percent=&#8220;0&#8243; overlay_alpha=&#8220;50&#8243; gutter_size=&#8220;3&#8243; column_width_percent=&#8220;100&#8243; shift_y=&#8220;0&#8243; z_index=&#8220;0&#8243; content_parallax=&#8220;0&#8243; uncode_shortcode_id=&#8220;152774&#8243;][vc_column][vc_column_text uncode_shortcode_id=&#8220;187316&#8243;] Allgemeine Gesch\u00e4ftsbedingungen 1. Geltungsbereich\u00a0 \u00a0 Die Allgemeinen Gesch\u00e4ftsbedingungen (nachfolgend \u201eAGB\u201c [&hellip;]","og_url":"https:\/\/monbosapin.ch\/conditions-generales-de-ventes\/","og_site_name":"Mon B\u00f4 Sapin","article_modified_time":"2025-10-01T14:33:55+00:00","twitter_card":"summary_large_image","twitter_misc":{"Gesch\u00e4tzte Lesezeit":"4\u00a0Minuten"},"schema":{"@context":"https:\/\/schema.org","@graph":[{"@type":"WebPage","@id":"https:\/\/monbosapin.ch\/conditions-generales-de-ventes\/","url":"https:\/\/monbosapin.ch\/conditions-generales-de-ventes\/","name":"Allgemeine Gesch\u00e4ftsbedingungen - Mon B\u00f4 Sapin","isPartOf":{"@id":"https:\/\/monbosapin.ch\/de\/#website"},"datePublished":"2020-11-11T15:47:47+00:00","dateModified":"2025-10-01T14:33:55+00:00","breadcrumb":{"@id":"https:\/\/monbosapin.ch\/conditions-generales-de-ventes\/#breadcrumb"},"inLanguage":"de","potentialAction":[{"@type":"ReadAction","target":["https:\/\/monbosapin.ch\/conditions-generales-de-ventes\/"]}]},{"@type":"BreadcrumbList","@id":"https:\/\/monbosapin.ch\/conditions-generales-de-ventes\/#breadcrumb","itemListElement":[{"@type":"ListItem","position":1,"name":"Accueil","item":"https:\/\/monbosapin.ch\/de\/"},{"@type":"ListItem","position":2,"name":"Allgemeine Gesch\u00e4ftsbedingungen"}]},{"@type":"WebSite","@id":"https:\/\/monbosapin.ch\/de\/#website","url":"https:\/\/monbosapin.ch\/de\/","name":"Mon B\u00f4 Sapin","description":"L\u2019\u00e9cologie sans devoir sacrifier No\u00ebl","potentialAction":[{"@type":"SearchAction","target":{"@type":"EntryPoint","urlTemplate":"https:\/\/monbosapin.ch\/de\/?s={search_term_string}"},"query-input":{"@type":"PropertyValueSpecification","valueRequired":true,"valueName":"search_term_string"}}],"inLanguage":"de"}]}},"_links":{"self":[{"href":"https:\/\/monbosapin.ch\/de\/wp-json\/wp\/v2\/pages\/311","targetHints":{"allow":["GET"]}}],"collection":[{"href":"https:\/\/monbosapin.ch\/de\/wp-json\/wp\/v2\/pages"}],"about":[{"href":"https:\/\/monbosapin.ch\/de\/wp-json\/wp\/v2\/types\/page"}],"author":[{"embeddable":true,"href":"https:\/\/monbosapin.ch\/de\/wp-json\/wp\/v2\/users\/2"}],"replies":[{"embeddable":true,"href":"https:\/\/monbosapin.ch\/de\/wp-json\/wp\/v2\/comments?post=311"}],"version-history":[{"count":0,"href":"https:\/\/monbosapin.ch\/de\/wp-json\/wp\/v2\/pages\/311\/revisions"}],"wp:attachment":[{"href":"https:\/\/monbosapin.ch\/de\/wp-json\/wp\/v2\/media?parent=311"}],"curies":[{"name":"wp","href":"https:\/\/api.w.org\/{rel}","templated":true}]}}