{"id":159786,"date":"2025-10-06T11:54:20","date_gmt":"2025-10-06T09:54:20","guid":{"rendered":"https:\/\/monbosapin.ch\/?post_type=product&#038;p=159786"},"modified":"2025-10-24T14:27:36","modified_gmt":"2025-10-24T12:27:36","slug":"taennlein","status":"publish","type":"product","link":"https:\/\/monbosapin.ch\/de\/produit\/taennlein\/","title":{"rendered":"T\u00e4nnlein"},"content":{"rendered":"<p>Ein \u00f6kologischer, ethischer und designorientierter Weihnachtsbaum, hergestellt in der Schweiz von der Wiedereingliederungsschreinerei Polyval. Zum Selbstaufbau \u2013 so einfach wie ein Kinderspiel.<\/p>\n","protected":false},"excerpt":{"rendered":"<p><strong>Abmessungen 28cm x 17cm<\/strong><\/p>\n<p>Ein \u00f6kologischer, ethischer und designorientierter Weihnachtsbaum, hergestellt in der Schweiz von der Wiedereingliederungsschreinerei Polyval. Zum Selbstaufbau \u2013 so einfach wie ein Kinderspiel.<\/p>\n","protected":false},"featured_media":159793,"template":"","meta":[],"product_brand":[],"product_cat":[31],"product_tag":[],"class_list":{"0":"post-159786","1":"product","2":"type-product","3":"status-publish","4":"has-post-thumbnail","6":"product_cat-non-classe-de","7":"product_shipping_class-taennlein","9":"first","10":"instock","11":"shipping-taxable","12":"purchasable","13":"product-type-simple"},"yoast_head":"<!-- This site is optimized with the Yoast SEO plugin v27.1.1 - https:\/\/yoast.com\/product\/yoast-seo-wordpress\/ -->\n<title>T\u00e4nnlein - Mon B\u00f4 Sapin<\/title>\n<meta name=\"robots\" content=\"index, follow, max-snippet:-1, max-image-preview:large, max-video-preview:-1\" \/>\n<link rel=\"canonical\" href=\"https:\/\/monbosapin.ch\/de\/produit\/taennlein\/\" \/>\n<meta property=\"og:locale\" content=\"de_DE\" \/>\n<meta property=\"og:type\" content=\"article\" \/>\n<meta property=\"og:title\" content=\"T\u00e4nnlein - Mon B\u00f4 Sapin\" \/>\n<meta property=\"og:description\" content=\"Abmessungen 28cm x 17cm  Ein \u00f6kologischer, ethischer und designorientierter Weihnachtsbaum, hergestellt in der Schweiz von der Wiedereingliederungsschreinerei Polyval. Zum Selbstaufbau \u2013 so einfach wie ein Kinderspiel.\" \/>\n<meta property=\"og:url\" content=\"https:\/\/monbosapin.ch\/de\/produit\/taennlein\/\" \/>\n<meta property=\"og:site_name\" content=\"Mon B\u00f4 Sapin\" \/>\n<meta property=\"article:modified_time\" content=\"2025-10-24T12:27:36+00:00\" \/>\n<meta property=\"og:image\" content=\"https:\/\/monbosapin.ch\/wp-content\/uploads\/2025\/10\/sapelot-1.png\" \/>\n\t<meta property=\"og:image:width\" content=\"1200\" \/>\n\t<meta property=\"og:image:height\" content=\"1200\" \/>\n\t<meta property=\"og:image:type\" content=\"image\/png\" \/>\n<meta name=\"twitter:card\" content=\"summary_large_image\" \/>\n<meta name=\"twitter:label1\" content=\"Gesch\u00e4tzte Lesezeit\" \/>\n\t<meta name=\"twitter:data1\" content=\"1\u00a0Minute\" \/>\n<script type=\"application\/ld+json\" class=\"yoast-schema-graph\">{\"@context\":\"https:\/\/schema.org\",\"@graph\":[{\"@type\":\"WebPage\",\"@id\":\"https:\/\/monbosapin.ch\/de\/produit\/taennlein\/\",\"url\":\"https:\/\/monbosapin.ch\/de\/produit\/taennlein\/\",\"name\":\"T\u00e4nnlein - Mon B\u00f4 Sapin\",\"isPartOf\":{\"@id\":\"https:\/\/monbosapin.ch\/de\/#website\"},\"primaryImageOfPage\":{\"@id\":\"https:\/\/monbosapin.ch\/de\/produit\/taennlein\/#primaryimage\"},\"image\":{\"@id\":\"https:\/\/monbosapin.ch\/de\/produit\/taennlein\/#primaryimage\"},\"thumbnailUrl\":\"https:\/\/monbosapin.ch\/wp-content\/uploads\/2025\/10\/sapelot-1.png\",\"datePublished\":\"2025-10-06T09:54:20+00:00\",\"dateModified\":\"2025-10-24T12:27:36+00:00\",\"breadcrumb\":{\"@id\":\"https:\/\/monbosapin.ch\/de\/produit\/taennlein\/#breadcrumb\"},\"inLanguage\":\"de\",\"potentialAction\":[{\"@type\":\"ReadAction\",\"target\":[\"https:\/\/monbosapin.ch\/de\/produit\/taennlein\/\"]}]},{\"@type\":\"ImageObject\",\"inLanguage\":\"de\",\"@id\":\"https:\/\/monbosapin.ch\/de\/produit\/taennlein\/#primaryimage\",\"url\":\"https:\/\/monbosapin.ch\/wp-content\/uploads\/2025\/10\/sapelot-1.png\",\"contentUrl\":\"https:\/\/monbosapin.ch\/wp-content\/uploads\/2025\/10\/sapelot-1.png\",\"width\":1200,\"height\":1200},{\"@type\":\"BreadcrumbList\",\"@id\":\"https:\/\/monbosapin.ch\/de\/produit\/taennlein\/#breadcrumb\",\"itemListElement\":[{\"@type\":\"ListItem\",\"position\":1,\"name\":\"Accueil\",\"item\":\"https:\/\/monbosapin.ch\/de\/\"},{\"@type\":\"ListItem\",\"position\":2,\"name\":\"Shop\",\"item\":\"https:\/\/monbosapin.ch\/boutique\/\"},{\"@type\":\"ListItem\",\"position\":3,\"name\":\"T\u00e4nnlein\"}]},{\"@type\":\"WebSite\",\"@id\":\"https:\/\/monbosapin.ch\/de\/#website\",\"url\":\"https:\/\/monbosapin.ch\/de\/\",\"name\":\"Mon B\u00f4 Sapin\",\"description\":\"L\u2019\u00e9cologie sans devoir sacrifier No\u00ebl\",\"potentialAction\":[{\"@type\":\"SearchAction\",\"target\":{\"@type\":\"EntryPoint\",\"urlTemplate\":\"https:\/\/monbosapin.ch\/de\/?s={search_term_string}\"},\"query-input\":{\"@type\":\"PropertyValueSpecification\",\"valueRequired\":true,\"valueName\":\"search_term_string\"}}],\"inLanguage\":\"de\"}]}<\/script>\n<!-- \/ Yoast SEO plugin. -->","yoast_head_json":{"title":"T\u00e4nnlein - Mon B\u00f4 Sapin","robots":{"index":"index","follow":"follow","max-snippet":"max-snippet:-1","max-image-preview":"max-image-preview:large","max-video-preview":"max-video-preview:-1"},"canonical":"https:\/\/monbosapin.ch\/de\/produit\/taennlein\/","og_locale":"de_DE","og_type":"article","og_title":"T\u00e4nnlein - Mon B\u00f4 Sapin","og_description":"Abmessungen 28cm x 17cm  Ein \u00f6kologischer, ethischer und designorientierter Weihnachtsbaum, hergestellt in der Schweiz von der Wiedereingliederungsschreinerei Polyval. Zum Selbstaufbau \u2013 so einfach wie ein Kinderspiel.","og_url":"https:\/\/monbosapin.ch\/de\/produit\/taennlein\/","og_site_name":"Mon B\u00f4 Sapin","article_modified_time":"2025-10-24T12:27:36+00:00","og_image":[{"width":1200,"height":1200,"url":"https:\/\/monbosapin.ch\/wp-content\/uploads\/2025\/10\/sapelot-1.png","type":"image\/png"}],"twitter_card":"summary_large_image","twitter_misc":{"Gesch\u00e4tzte Lesezeit":"1\u00a0Minute"},"schema":{"@context":"https:\/\/schema.org","@graph":[{"@type":"WebPage","@id":"https:\/\/monbosapin.ch\/de\/produit\/taennlein\/","url":"https:\/\/monbosapin.ch\/de\/produit\/taennlein\/","name":"T\u00e4nnlein - Mon B\u00f4 Sapin","isPartOf":{"@id":"https:\/\/monbosapin.ch\/de\/#website"},"primaryImageOfPage":{"@id":"https:\/\/monbosapin.ch\/de\/produit\/taennlein\/#primaryimage"},"image":{"@id":"https:\/\/monbosapin.ch\/de\/produit\/taennlein\/#primaryimage"},"thumbnailUrl":"https:\/\/monbosapin.ch\/wp-content\/uploads\/2025\/10\/sapelot-1.png","datePublished":"2025-10-06T09:54:20+00:00","dateModified":"2025-10-24T12:27:36+00:00","breadcrumb":{"@id":"https:\/\/monbosapin.ch\/de\/produit\/taennlein\/#breadcrumb"},"inLanguage":"de","potentialAction":[{"@type":"ReadAction","target":["https:\/\/monbosapin.ch\/de\/produit\/taennlein\/"]}]},{"@type":"ImageObject","inLanguage":"de","@id":"https:\/\/monbosapin.ch\/de\/produit\/taennlein\/#primaryimage","url":"https:\/\/monbosapin.ch\/wp-content\/uploads\/2025\/10\/sapelot-1.png","contentUrl":"https:\/\/monbosapin.ch\/wp-content\/uploads\/2025\/10\/sapelot-1.png","width":1200,"height":1200},{"@type":"BreadcrumbList","@id":"https:\/\/monbosapin.ch\/de\/produit\/taennlein\/#breadcrumb","itemListElement":[{"@type":"ListItem","position":1,"name":"Accueil","item":"https:\/\/monbosapin.ch\/de\/"},{"@type":"ListItem","position":2,"name":"Shop","item":"https:\/\/monbosapin.ch\/boutique\/"},{"@type":"ListItem","position":3,"name":"T\u00e4nnlein"}]},{"@type":"WebSite","@id":"https:\/\/monbosapin.ch\/de\/#website","url":"https:\/\/monbosapin.ch\/de\/","name":"Mon B\u00f4 Sapin","description":"L\u2019\u00e9cologie sans devoir sacrifier No\u00ebl","potentialAction":[{"@type":"SearchAction","target":{"@type":"EntryPoint","urlTemplate":"https:\/\/monbosapin.ch\/de\/?s={search_term_string}"},"query-input":{"@type":"PropertyValueSpecification","valueRequired":true,"valueName":"search_term_string"}}],"inLanguage":"de"}]}},"_links":{"self":[{"href":"https:\/\/monbosapin.ch\/de\/wp-json\/wp\/v2\/product\/159786","targetHints":{"allow":["GET"]}}],"collection":[{"href":"https:\/\/monbosapin.ch\/de\/wp-json\/wp\/v2\/product"}],"about":[{"href":"https:\/\/monbosapin.ch\/de\/wp-json\/wp\/v2\/types\/product"}],"wp:featuredmedia":[{"embeddable":true,"href":"https:\/\/monbosapin.ch\/de\/wp-json\/wp\/v2\/media\/159793"}],"wp:attachment":[{"href":"https:\/\/monbosapin.ch\/de\/wp-json\/wp\/v2\/media?parent=159786"}],"wp:term":[{"taxonomy":"product_brand","embeddable":true,"href":"https:\/\/monbosapin.ch\/de\/wp-json\/wp\/v2\/product_brand?post=159786"},{"taxonomy":"product_cat","embeddable":true,"href":"https:\/\/monbosapin.ch\/de\/wp-json\/wp\/v2\/product_cat?post=159786"},{"taxonomy":"product_tag","embeddable":true,"href":"https:\/\/monbosapin.ch\/de\/wp-json\/wp\/v2\/product_tag?post=159786"}],"curies":[{"name":"wp","href":"https:\/\/api.w.org\/{rel}","templated":true}]}}